{"id":632,"date":"2025-06-08T10:25:07","date_gmt":"2025-06-08T08:25:07","guid":{"rendered":"https:\/\/www.soulbusinessmentor.cz\/?page_id=632"},"modified":"2025-06-08T10:28:54","modified_gmt":"2025-06-08T08:28:54","slug":"obchodni-podminky","status":"publish","type":"page","link":"https:\/\/www.soulbusinessmentor.cz\/index.php\/obchodni-podminky\/","title":{"rendered":"Obchodn\u00ed podm\u00ednky"},"content":{"rendered":"\t\t<div data-elementor-type=\"wp-page\" data-elementor-id=\"632\" class=\"elementor elementor-632\" data-elementor-post-type=\"page\">\n\t\t\t\t<div class=\"elementor-element elementor-element-293bc64 e-grid e-con-boxed e-con e-parent\" data-id=\"293bc64\" data-element_type=\"container\">\n\t\t\t\t\t<div class=\"e-con-inner\">\n\t\t\t\t\t<\/div>\n\t\t\t\t<\/div>\n\t\t<div class=\"elementor-element elementor-element-213dbbe e-flex e-con-boxed e-con e-parent\" data-id=\"213dbbe\" data-element_type=\"container\">\n\t\t\t\t\t<div class=\"e-con-inner\">\n\t\t\t\t<div class=\"elementor-element elementor-element-2d70213 elementor-widget elementor-widget-text-editor\" data-id=\"2d70213\" data-element_type=\"widget\" data-widget_type=\"text-editor.default\">\n\t\t\t\t<div class=\"elementor-widget-container\">\n\t\t\t\t\t\t\t<p><em>Obchodn\u00ed podm\u00ednky pro prodej online program\u016f, \u017eiv\u00fdch setk\u00e1n\u00ed\u00a0a kombinac\u00ed online i \u017eiv\u00fdch setk\u00e1n\u00ed<\/em><\/p><p><strong>1. \u00davodn\u00ed ustanoven\u00ed<\/strong><br \/>Tyto obchodn\u00ed podm\u00ednky (d\u00e1le jen &#8222;Podm\u00ednky&#8220;) upravuj\u00ed pr\u00e1va a povinnosti mezi provozovatelem webu a poskytovatelem vzd\u011bl\u00e1vac\u00edch akc\u00ed (d\u00e1le jen &#8222;Provozovatel&#8220;) a z\u00e1kazn\u00edky (d\u00e1le jen &#8222;Z\u00e1kazn\u00edci&#8220;) p\u0159i prodeji online program\u016f a kombinac\u00ed online a \u017eiv\u00fdch setk\u00e1n\u00ed a \u017eiv\u00fdch setk\u00e1n\u00ed (d\u00e1le jen &#8222;Programy&#8220;).<br \/>\u00a0<br \/><strong>2. Objedn\u00e1vka a uzav\u0159en\u00ed smlouvy<\/strong><br \/>2.1. Objedn\u00e1vka Program\u016f se prov\u00e1d\u00ed prost\u0159ednictv\u00edm webov\u00e9ho rozhran\u00ed Provozovatele nebo emailu nebo telefonicky.<br \/>2.2. Smlouva mezi Provozovatelem a Z\u00e1kazn\u00edkem je uzav\u0159ena okam\u017eikem potvrzen\u00ed objedn\u00e1vky Provozovatelem.<br \/>2.3. Potvrzen\u00edm objedn\u00e1vky Z\u00e1kazn\u00edk souhlas\u00ed s t\u011bmito Podm\u00ednkami.<br \/>\u00a0<br \/><strong>3. Cena a platebn\u00ed podm\u00ednky<\/strong><br \/>3.1. Cena Program\u016f je uvedena na webov\u00fdch str\u00e1nk\u00e1ch Provozovatele nebo zasl\u00e1na do emailu Z\u00e1kazn\u00edka.<br \/>3.2. Platbu je mo\u017en\u00e9 prov\u00e9st bankovn\u00edm p\u0159evodem, platebn\u00ed kartou nebo jin\u00fdm zp\u016fsobem uveden\u00fdm na webu nebo emailem.<br \/>3.3. Platba je splatn\u00e1 p\u0159i objedn\u00e1n\u00ed Programu, pokud nen\u00ed uvedeno jinak.<br \/>\u00a0<br \/><strong>4. Dodac\u00ed podm\u00ednky<\/strong><br \/>4.1. Online programy jsou dod\u00e1v\u00e1ny prost\u0159ednictv\u00edm online platformy po obdr\u017een\u00ed platby.<br \/>4.2. Kombinace online a \u017eiv\u00fdch setk\u00e1n\u00ed zahrnuje \u00fa\u010dast na \u017eiv\u00fdch setk\u00e1n\u00edch na m\u00edst\u011b a v term\u00ednech ur\u010den\u00fdch Provozovatelem.<br \/>4.3 \u017div\u00e1 setk\u00e1n\u00ed zahrnuj\u00ed \u00fa\u010dast na \u017eiv\u00fdch setk\u00e1n\u00edch na m\u00edst\u011b a v term\u00ednech ur\u010den\u00fdch Provozovatelem.<br \/>4.4. Provozovatel nenese odpov\u011bdnost za p\u0159\u00edpadn\u00e9 technick\u00e9 probl\u00e9my na stran\u011b Z\u00e1kazn\u00edka, kter\u00e9 by mohly ovlivnit p\u0159\u00edstup k online program\u016fm.<br \/>\u00a0<br \/><strong>5. Zru\u0161en\u00ed a zm\u011bny program\u016f &#8211; Pr\u00e1vo odstoupit od smlouvy<\/strong><br \/>\u00a0<br \/>5.1.1. Pou\u010den\u00ed o pr\u00e1vu spot\u0159ebitele na odstoupen\u00ed od smlouvy kontaktn\u00ed kurzy a kombinace online a osobn\u00edch setk\u00e1n\u00ed<\/p><p>a. \u00a0M\u00e1te pr\u00e1vo odstoupit od t\u00e9to smlouvy do 14 dn\u016f od jej\u00edho uzav\u0159en\u00ed, a to bez ud\u00e1n\u00ed d\u016fvodu. Tato lh\u016fta za\u010d\u00edn\u00e1 b\u011b\u017eet ode dne n\u00e1sleduj\u00edc\u00edho po dni, kdy byla dan\u00e1 smlouva uzav\u0159ena.<br \/>\u00a0<br \/>b. Pro \u00fa\u010dely uplatn\u011bn\u00ed pr\u00e1va na odstoupen\u00ed od smlouvy mus\u00edte o odstoupen\u00ed informovat Danku Hejdovou, a to formou jak\u00e9hokoliv jednostrann\u00e9ho prohl\u00e1\u0161en\u00ed u\u010din\u011bn\u00e9ho v\u016f\u010di Poskytovateli.\u00a0<br \/>\u00a0<br \/>c. Aby byla dodr\u017eena lh\u016fta pro odstoupen\u00ed od t\u00e9to smlouvy, posta\u010d\u00ed odeslat odstoupen\u00ed od t\u00e9to smlouvy ve lh\u016ft\u011b pro odstoupen\u00ed.<br \/>\u00a0<br \/>5.1.2. D\u016fsledky odstoupen\u00ed od smlouvy<br \/>a. Pokud odstoup\u00edte od t\u00e9to smlouvy, vr\u00e1t\u00edme V\u00e1m bez zbyte\u010dn\u00e9ho odkladu, nejpozd\u011bji v\u0161ak do 14 dn\u016f ode dne, kdy n\u00e1m do\u0161lo Va\u0161e ozn\u00e1men\u00ed o odstoupen\u00ed od smlouvy, ve\u0161ker\u00e9 platby, kter\u00e9 jsme od V\u00e1s v souvislosti s touto smlouvou obdr\u017eeli. Pro vr\u00e1cen\u00ed pou\u017eijeme stejn\u00fd platebn\u00ed prost\u0159edek, kter\u00fd jste pou\u017eili pro proveden\u00ed po\u010d\u00e1te\u010dn\u00ed transakce, pokud jste v\u00fdslovn\u011b neur\u010dili jinak.<\/p><p>b. Pokud jste v\u00fdslovn\u011b po\u017e\u00e1dali, aby poskytov\u00e1n\u00ed slu\u017eeb za\u010dalo b\u011bhem lh\u016fty pro odstoupen\u00ed od smlouvy, zaplat\u00edte n\u00e1m \u010d\u00e1stku \u00fam\u011brnou rozsahu poskytnut\u00fdch slu\u017eeb do doby, ne\u017e jste n\u00e1s informovali o odstoupen\u00ed od smlouvy, a to v porovn\u00e1n\u00ed s celkov\u00fdm rozsahem slu\u017eeb stanoven\u00fdm ve smlouv\u011b, byl-li stanoven.\u00a0<\/p><p>5.2.1. Pou\u010den\u00ed o pr\u00e1vu spot\u0159ebitele na odstoupen\u00ed od smlouvy online programy<br \/>\u00a0<br \/>a. M\u00e1te pr\u00e1vo odstoupit od t\u00e9to smlouvy do 14 dn\u016f od jej\u00edho uzav\u0159en\u00ed, a to bez ud\u00e1n\u00ed d\u016fvodu. Tato lh\u016fta za\u010d\u00edn\u00e1 b\u011b\u017eet ode dne n\u00e1sleduj\u00edc\u00edho po dni, kdy byla dan\u00e1 smlouva uzav\u0159ena.<br \/>\u00a0<br \/>b. Pro \u00fa\u010dely uplatn\u011bn\u00ed pr\u00e1va na odstoupen\u00ed od smlouvy mus\u00edte o odstoupen\u00ed informovat Vladim\u00edra Ekarta, a to formou jak\u00e9hokoliv jednostrann\u00e9ho prohl\u00e1\u0161en\u00ed u\u010din\u011bn\u00e9ho v\u016f\u010di Poskytovateli.<br \/>\u00a0<br \/>c. Aby byla dodr\u017eena lh\u016fta pro odstoupen\u00ed od t\u00e9to smlouvy, posta\u010d\u00ed odeslat odstoupen\u00ed od t\u00e9to smlouvy ve lh\u016ft\u011b pro odstoupen\u00ed.<\/p><p>d. Pokud V\u00e1m byl digit\u00e1ln\u00ed obsah zp\u0159\u00edstupn\u011bn p\u0159ed uplynut\u00edm 14 denn\u00ed lh\u016fty pro odstoupen\u00ed od smlouvy na z\u00e1klad\u011b Va\u0161eho souhlasu, ztr\u00e1c\u00edte pr\u00e1vo na odstoupen\u00ed od t\u00e9to smlouvy.<\/p><p>5.2.2. D\u016fsledky odstoupen\u00ed od smlouvy<\/p><p>a. Pokud odstoup\u00edte od t\u00e9to smlouvy, vr\u00e1t\u00edme V\u00e1m bez zbyte\u010dn\u00e9ho odkladu, nejpozd\u011bji v\u0161ak do 14 dn\u016f ode dne, kdy n\u00e1m do\u0161lo Va\u0161e ozn\u00e1men\u00ed o odstoupen\u00ed od smlouvy, ve\u0161ker\u00e9 platby, kter\u00e9 jsme od V\u00e1s v souvislosti s touto smlouvou obdr\u017eeli. Pro vr\u00e1cen\u00ed pou\u017eijeme stejn\u00fd platebn\u00ed prost\u0159edek, kter\u00fd jste pou\u017eili pro proveden\u00ed po\u010d\u00e1te\u010dn\u00ed transakce, pokud jste v\u00fdslovn\u011b neur\u010dili jinak.<br \/>\u00a0<br \/>5.3. V p\u0159\u00edpad\u011b zru\u0161en\u00ed programu ze strany Provozovatele m\u00e1 Z\u00e1kazn\u00edk n\u00e1rok na vr\u00e1cen\u00ed cel\u00e9 uhrazen\u00e9 \u010d\u00e1stky nebo m\u016f\u017ee zvolit \u00fa\u010dast v jin\u00e9m term\u00ednu.<br \/>\u00a0<br \/><strong>6. Pr\u00e1va a povinnosti z\u00e1kazn\u00edka<\/strong><br \/>6.1. Z\u00e1kazn\u00edk je povinen poskytnout pravdiv\u00e9 a \u00fapln\u00e9 informace p\u0159i objedn\u00e1vce.<br \/>6.2. Z\u00e1kazn\u00edk je povinen dodr\u017eovat pravidla a pokyny Provozovatele p\u0159i \u00fa\u010dasti na programu.<br \/>6.3. Z\u00e1kazn\u00edk nesm\u00ed \u0161\u00ed\u0159it, kop\u00edrovat nebo jinak zneu\u017e\u00edvat obsah program\u016f bez p\u00edsemn\u00e9ho souhlasu Provozovatele.<br \/>\u00a0<br \/><strong>7. Ochrana osobn\u00edch \u00fadaj\u016f<\/strong><br \/>7.1. Provozovatel zpracov\u00e1v\u00e1 osobn\u00ed \u00fadaje Z\u00e1kazn\u00edka v souladu s platn\u00fdmi pr\u00e1vn\u00edmi p\u0159edpisy a z\u00e1sadami ochrany osobn\u00edch \u00fadaj\u016f uveden\u00fdmi na webov\u00fdch str\u00e1nk\u00e1ch.<br \/>\u00a0<br \/><strong>8. Reklamace<\/strong><br \/>8.1. Reklamace mus\u00ed b\u00fdt pod\u00e1na p\u00edsemn\u011b na kontaktn\u00ed adresu Provozovatele nejpozd\u011bji do 14 dn\u016f od vzniku d\u016fvodu reklamace.<br \/>8.2. Provozovatel se zavazuje vy\u0159\u00eddit reklamaci do 30 dn\u016f od jej\u00edho obdr\u017een\u00ed.<br \/>\u00a0<br \/><strong>9. Z\u00e1v\u011bre\u010dn\u00e1 ustanoven\u00ed<\/strong><br \/>9.1. Tyto Podm\u00ednky nab\u00fdvaj\u00ed \u00fa\u010dinnosti dnem jejich zve\u0159ejn\u011bn\u00ed na webov\u00fdch str\u00e1nk\u00e1ch Provozovatele.<br \/>9.2. Provozovatel si vyhrazuje pr\u00e1vo na zm\u011bnu t\u011bchto Podm\u00ednek. O zm\u011bn\u011b Podm\u00ednek bude Z\u00e1kazn\u00edk informov\u00e1n e-mailem nebo zve\u0159ejn\u011bn\u00edm nov\u00e9 verze Podm\u00ednek na webu.<br \/>9.3. V\u0161echny pr\u00e1vn\u00ed vztahy vznikl\u00e9 na z\u00e1klad\u011b t\u011bchto Podm\u00ednek se \u0159\u00edd\u00ed pr\u00e1vn\u00edm \u0159\u00e1dem \u010cesk\u00e9 republiky.<\/p><p><br \/><strong>Kontaktn\u00ed informace<\/strong><\/p><p><br \/>Danka Hejdov\u00e1<br \/>I\u010c: 08443408<br \/>S m\u00edstem podnik\u00e1n\u00ed: Radonice 279, Radonice u\u00a0Kadan\u011b 43155<br \/>Zapsan\u00fd v\u00a0\u017eivnostensk\u00e9m rejst\u0159\u00edku<br \/>Kontaktn\u00ed telefon: + 420 731 183 998<br \/>Adresa pro doru\u010dov\u00e1n\u00ed elektronick\u00e9 po\u0161ty: danka@dankahejdova.cz<br \/>\u00a0<\/p><p><em>Pokud m\u00e1te jak\u00e9koli dotazy nebo pot\u0159ebujete dal\u0161\u00ed informace, nev\u00e1hejte n\u00e1s kontaktovat na uveden\u00fdch kontaktn\u00edch\u00a0\u00fadaj\u00edch.<\/em><\/p>\t\t\t\t\t\t<\/div>\n\t\t\t\t<\/div>\n\t\t\t\t\t<\/div>\n\t\t\t\t<\/div>\n\t\t\t\t<\/div>\n\t\t","protected":false},"excerpt":{"rendered":"<p>Obchodn\u00ed podm\u00ednky pro prodej online program\u016f, \u017eiv\u00fdch setk\u00e1n\u00ed\u00a0a kombinac\u00ed online i \u017eiv\u00fdch setk\u00e1n\u00ed 1. \u00davodn\u00ed ustanoven\u00edTyto obchodn\u00ed podm\u00ednky (d\u00e1le jen &#8222;Podm\u00ednky&#8220;) upravuj\u00ed pr\u00e1va a povinnosti mezi provozovatelem webu a poskytovatelem vzd\u011bl\u00e1vac\u00edch akc\u00ed (d\u00e1le jen &#8222;Provozovatel&#8220;) a z\u00e1kazn\u00edky (d\u00e1le jen &#8222;Z\u00e1kazn\u00edci&#8220;) p\u0159i prodeji online program\u016f a kombinac\u00ed online a \u017eiv\u00fdch setk\u00e1n\u00ed a \u017eiv\u00fdch setk\u00e1n\u00ed (d\u00e1le jen [&hellip;]<\/p>\n","protected":false},"author":2,"featured_media":0,"parent":0,"menu_order":0,"comment_status":"closed","ping_status":"closed","template":"","meta":{"footnotes":""},"class_list":["post-632","page","type-page","status-publish","hentry"],"_links":{"self":[{"href":"https:\/\/www.soulbusinessmentor.cz\/index.php\/wp-json\/wp\/v2\/pages\/632","targetHints":{"allow":["GET"]}}],"collection":[{"href":"https:\/\/www.soulbusinessmentor.cz\/index.php\/wp-json\/wp\/v2\/pages"}],"about":[{"href":"https:\/\/www.soulbusinessmentor.cz\/index.php\/wp-json\/wp\/v2\/types\/page"}],"author":[{"embeddable":true,"href":"https:\/\/www.soulbusinessmentor.cz\/index.php\/wp-json\/wp\/v2\/users\/2"}],"replies":[{"embeddable":true,"href":"https:\/\/www.soulbusinessmentor.cz\/index.php\/wp-json\/wp\/v2\/comments?post=632"}],"version-history":[{"count":4,"href":"https:\/\/www.soulbusinessmentor.cz\/index.php\/wp-json\/wp\/v2\/pages\/632\/revisions"}],"predecessor-version":[{"id":636,"href":"https:\/\/www.soulbusinessmentor.cz\/index.php\/wp-json\/wp\/v2\/pages\/632\/revisions\/636"}],"wp:attachment":[{"href":"https:\/\/www.soulbusinessmentor.cz\/index.php\/wp-json\/wp\/v2\/media?parent=632"}],"curies":[{"name":"wp","href":"https:\/\/api.w.org\/{rel}","templated":true}]}}